{"id":22674,"date":"2017-09-27T18:10:40","date_gmt":"2017-09-27T16:10:40","guid":{"rendered":"https:\/\/www.glamping-resorts.de\/impressum\/"},"modified":"2019-06-19T10:58:17","modified_gmt":"2019-06-19T08:58:17","slug":"mentions-legales","status":"publish","type":"page","link":"https:\/\/www.glamping-resorts.de\/fr\/mentions-legales\/","title":{"rendered":"Mentions l\u00e9gales"},"content":{"rendered":"<p>[vc_row row_type=\u00a0\u00bbrow\u00a0\u00bb use_row_as_full_screen_section=\u00a0\u00bbno\u00a0\u00bb type=\u00a0\u00bbfull_width\u00a0\u00bb text_align=\u00a0\u00bbleft\u00a0\u00bb background_animation=\u00a0\u00bbnone\u00a0\u00bb padding_top=\u00a0\u00bb10&Prime; padding_bottom=\u00a0\u00bb50&Prime; css_animation=\u00a0\u00bb\u00a0\u00bb][vc_column][vc_separator type=\u00a0\u00bbtransparent\u00a0\u00bb border_style=\u00a0\u00bb\u00a0\u00bb up=\u00a0\u00bb10&Prime; down=\u00a0\u00bb10&Prime;][vc_column_text]<\/p>\n<h5>Mentions l\u00e9gales<\/h5>\n<p>[\/vc_column_text][vc_separator type=\u00a0\u00bbtransparent\u00a0\u00bb border_style=\u00a0\u00bb\u00a0\u00bb up=\u00a0\u00bb10&Prime; down=\u00a0\u00bb10&Prime;][vc_column_text]Glamping GmbH<\/p>\n<p>Zum Bergwald 6<\/p>\n<p>66271 Kleinblittersdorf<\/p>\n<p>&nbsp;<\/p>\n<p>Associ\u00e9s g\u00e9rants\u00a0:<\/p>\n<p>Gerd Leidinger<\/p>\n<p>Jens Stannek<\/p>\n<p>e-mail\u00a0: info@glamping-resorts.de<\/p>\n<p>&nbsp;<\/p>\n<p>Inscription au registre\u00a0:<\/p>\n<p>inscription au registre du commerce.<\/p>\n<p>Tribunal d&rsquo;enregistrement\u00a0: Sarrebruck<\/p>\n<p>Num\u00e9ro d&rsquo;immatriculation\u00a0: HRB 103369<\/p>\n<p>&nbsp;<\/p>\n<p>Num\u00e9ro d&rsquo;identification intracommunautaire\u00a0: DE307662456<\/p>\n<p>Num\u00e9ro fiscal\u00a0: 040\/109\/01362<\/p>\n<p>&nbsp;<\/p>\n<p><strong>Exclusion de responsabilit\u00e9 (disclaimer)<\/strong><\/p>\n<p>&nbsp;<\/p>\n<p><strong>Responsabilit\u00e9 relative aux contenus<\/strong><\/p>\n<p>En tant que prestataire de service, conform\u00e9ment \u00e0 l&rsquo;article 7, alin\u00e9a\u00a01 de la Loi allemande sur les t\u00e9l\u00e9m\u00e9dias (TMG), nous sommes responsables de nos propres contenus sur ces pages selon les lois g\u00e9n\u00e9rales en vigueur. Selon les articles 8 \u00e0 10 de la Loi allemande sur les t\u00e9l\u00e9m\u00e9dias (TMG), en notre qualit\u00e9 de prestataire de services, nous ne sommes pas n\u00e9anmoins pas tenus de surveiller des informations ext\u00e9rieures enregistr\u00e9es ou transmises ou de faire des recherches sur des circonstances indiquant une activit\u00e9 ill\u00e9gale. Les obligations de supprimer ces informations ou d&#8217;emp\u00eacher leur utilisation conform\u00e9ment aux lois g\u00e9n\u00e9rales ne sont pas affect\u00e9es par ce qui pr\u00e9c\u00e8de. Une responsabilit\u00e9 aff\u00e9rente ne prend toutefois effet qu&rsquo;\u00e0 la date \u00e0 partir de laquelle nous avons pris connaissance d&rsquo;une violation concr\u00e8te de la loi. En cas de prise de connaissance de telles violations, nous supprimerons ces contenus sans d\u00e9lai.<\/p>\n<p>&nbsp;<\/p>\n<p><strong>Responsabilit\u00e9 relative aux liens<\/strong><\/p>\n<p>Notre offre comprend des liens redirigeant vers les sites web externes de tiers, sur lesquels nous n&rsquo;avons aucune influence du point de vue du contenu. Par cons\u00e9quent, nous ne pouvons pas \u00eatre tenus responsables pour ces contenus ext\u00e9rieurs. Le responsable du contenu de ces sites correspondant aux liens est toujours le fournisseur ou l&rsquo;exploitant des sites concern\u00e9s. Les pages ont \u00e9t\u00e9 contr\u00f4l\u00e9es quant \u00e0 la pr\u00e9sence d&rsquo;\u00e9ventuelles violations du droit identifiables au moment de l&rsquo;int\u00e9gration des hyperliens. Aucun contenu ill\u00e9gal n&rsquo;\u00e9tait identifiable au moment de la cr\u00e9ation des liens. Sans informations concr\u00e8tes permettant de supposer une violation de droit, il n&rsquo;est pas envisageable d&rsquo;effectuer un contr\u00f4le permanent des pages accessibles par ces liens. Nous nous engageons n\u00e9anmoins \u00e0 supprimer tout lien pour lequel nous aurions connaissance de violations de droits.<\/p>\n<p>&nbsp;<\/p>\n<p><strong>Droit d&rsquo;auteur<\/strong><\/p>\n<p>Les contenus et \u0153uvres figurant sur les pages de l&rsquo;exploitant du site sont soumis \u00e0 la l\u00e9gislation allemande relative au droit d&rsquo;auteur. La reproduction, le traitement, la diffusion et tout type de r\u00e9alisation en dehors des limites du droit d&rsquo;auteur requi\u00e8rent l&rsquo;autorisation \u00e9crite de l&rsquo;auteur ou du cr\u00e9ateur respectif. Les t\u00e9l\u00e9chargements et copies effectu\u00e9s sur ce site sont uniquement autoris\u00e9s pour une utilisation priv\u00e9e non commerciale. Dans la mesure o\u00f9 les contenus de ce site ne sont pas l&rsquo;\u0153uvre de l&rsquo;exploitant, les droits d&rsquo;auteur de tiers doivent \u00eatre respect\u00e9s. Les contenus de tiers seront \u00e0 cet \u00e9gard mis en \u00e9vidence de mani\u00e8re appropri\u00e9e. Si vous deviez toutefois constater une atteinte au droit d&rsquo;auteur, nous vous saurions gr\u00e9 de bien vouloir nous en faire part. Ces contenus seront imm\u00e9diatement supprim\u00e9s si nous avons connaissance de telles violations de la loi.<\/p>\n<p>&nbsp;<\/p>\n<p><strong>Organisme de r\u00e8glement extrajudiciaire des litiges<\/strong><\/p>\n<p><a href=\"http:\/\/ec.europa.eu\/consumers\/odr\/\">http:\/\/ec.europa.eu\/consumers\/odr\/<\/a><\/p>\n<p>&nbsp;<\/p>\n<p><strong>L\u00e9gendes des photos<\/strong><\/p>\n<p>Photo\u00a0: R\u00e9serve de biosph\u00e8re UNESCO du Bliesgau\u00a0\/\u00a0photographe \u00a9 Eike Dubois \/ Saarpfalz Touristik<\/p>\n<p>Photo\u00a0: Randonn\u00e9es labellis\u00e9es premium en Sarre \/ Photographe \u00a9 Eike Dubois \/ TZS<\/p>\n<p>Photo\u00a0: (France) V\u00e9lo sans fronti\u00e8res en Sarre\u00a0\/\u00a0photographe \u00a9 Eike Dubois \/ TZS<\/p>\n<p>Photo\u00a0: V\u00e9lo en Sarre\u00a0\/\u00a0photographe \u00a9 Timo Rende \/ TZS<\/p>\n<p>Photo\u00a0: Berliner Promenade, ville de Sarrebruck \/ photographe \u00a9 Achim Sp\u00e4ter \/ TZS<\/p>\n<p>&nbsp;<\/p>\n<p>Consultez ici notre <a href=\"https:\/\/www.glamping-resorts.de\/datenschutzerklaerung\/\">Politique de confidentialit\u00e9<\/a><\/p>\n<p>&nbsp;<\/p>\n<p>Source\u00a0: <a href=\"http:\/\/www.e-recht24.de\/muster-disclaimer.html\">eRecht24<\/a>[\/vc_column_text][\/vc_column][\/vc_row]<\/p>\n","protected":false},"excerpt":{"rendered":"<p>[vc_row row_type=\u00a0\u00bbrow\u00a0\u00bb use_row_as_full_screen_section=\u00a0\u00bbno\u00a0\u00bb type=\u00a0\u00bbfull_width\u00a0\u00bb text_align=\u00a0\u00bbleft\u00a0\u00bb background_animation=\u00a0\u00bbnone\u00a0\u00bb padding_top=\u00a0\u00bb10&Prime; padding_bottom=\u00a0\u00bb50&Prime; css_animation=\u00a0\u00bb\u00a0\u00bb][vc_column][vc_separator type=\u00a0\u00bbtransparent\u00a0\u00bb border_style=\u00a0\u00bb\u00a0\u00bb up=\u00a0\u00bb10&Prime; down=\u00a0\u00bb10&Prime;][vc_column_text] Mentions l\u00e9gales [\/vc_column_text][vc_separator type=\u00a0\u00bbtransparent\u00a0\u00bb border_style=\u00a0\u00bb\u00a0\u00bb up=\u00a0\u00bb10&Prime; down=\u00a0\u00bb10&Prime;][vc_column_text]Glamping GmbH Zum Bergwald 6 66271 Kleinblittersdorf &nbsp; Associ\u00e9s g\u00e9rants\u00a0: Gerd Leidinger Jens Stannek e-mail\u00a0: info@glamping-resorts.de &nbsp; Inscription au registre\u00a0: inscription au registre du commerce. Tribunal&#8230;<\/p>\n","protected":false},"author":1,"featured_media":0,"parent":0,"menu_order":0,"comment_status":"closed","ping_status":"closed","template":"","meta":{"ngg_post_thumbnail":0},"_links":{"self":[{"href":"https:\/\/www.glamping-resorts.de\/fr\/wp-json\/wp\/v2\/pages\/22674\/"}],"collection":[{"href":"https:\/\/www.glamping-resorts.de\/fr\/wp-json\/wp\/v2\/pages\/"}],"about":[{"href":"https:\/\/www.glamping-resorts.de\/fr\/wp-json\/wp\/v2\/types\/page\/"}],"author":[{"embeddable":true,"href":"https:\/\/www.glamping-resorts.de\/fr\/wp-json\/wp\/v2\/users\/1\/"}],"replies":[{"embeddable":true,"href":"https:\/\/www.glamping-resorts.de\/fr\/wp-json\/wp\/v2\/comments\/?post=22674"}],"version-history":[{"count":3,"href":"https:\/\/www.glamping-resorts.de\/fr\/wp-json\/wp\/v2\/pages\/22674\/revisions\/"}],"predecessor-version":[{"id":22813,"href":"https:\/\/www.glamping-resorts.de\/fr\/wp-json\/wp\/v2\/pages\/22674\/revisions\/22813\/"}],"wp:attachment":[{"href":"https:\/\/www.glamping-resorts.de\/fr\/wp-json\/wp\/v2\/media\/?parent=22674"}],"curies":[{"name":"wp","href":"https:\/\/api.w.org\/{rel}","templated":true}]}}