{"id":22678,"date":"2017-10-18T11:03:19","date_gmt":"2017-10-18T09:03:19","guid":{"rendered":"https:\/\/www.glamping-resorts.de\/faq-bliesgau\/"},"modified":"2019-06-19T10:57:38","modified_gmt":"2019-06-19T08:57:38","slug":"faq-bliesgau","status":"publish","type":"page","link":"https:\/\/www.glamping-resorts.de\/fr\/faq-bliesgau\/","title":{"rendered":"FAQ \u2013 Bliesgau"},"content":{"rendered":"<p>[vc_row row_type=\u00a0\u00bbrow\u00a0\u00bb use_row_as_full_screen_section=\u00a0\u00bbno\u00a0\u00bb type=\u00a0\u00bbfull_width\u00a0\u00bb anchor=\u00a0\u00bbraum-infos-bliesgau\u00a0\u00bb text_align=\u00a0\u00bbleft\u00a0\u00bb background_animation=\u00a0\u00bbnone\u00a0\u00bb padding_top=\u00a0\u00bb35&Prime; padding_bottom=\u00a0\u00bb120&Prime; css_animation=\u00a0\u00bb\u00a0\u00bb][vc_column][vc_column_text]<\/p>\n<h2>Tout ce qu&rsquo;il faut savoir avant votre arriv\u00e9e\u00a0:<\/h2>\n<p>&nbsp;<\/p>\n<p><strong>Aper\u00e7u pour une meilleure orientation\u00a0: <\/strong><strong><a href=\"\/?page_id=21823\">Consulter le plan de site et le plan du Resort<\/a><\/strong><\/p>\n<p>Des <strong>informations d\u00e9taill\u00e9es et des vid\u00e9os explicatives<\/strong> sont disponibles <strong>sur Youtube<\/strong> \u00e0 l&rsquo;adresse suivante: \u2013 <a href=\"https:\/\/www.youtube.com\/channel\/UCnb96GIMVKLhJDhoAwHPVrQ\" target=\"_blank\" rel=\"noopener\"><strong>vid\u00e9os<\/strong><\/a>[\/vc_column_text][vc_separator type=\u00a0\u00bbtransparent\u00a0\u00bb border_style=\u00a0\u00bb\u00a0\u00bb up=\u00a0\u00bb10&Prime; down=\u00a0\u00bb10&Prime;][vc_column_text]<strong>Cl\u00e9, check in \/ check out<\/strong><\/p>\n<p>Avant votre arriv\u00e9e, vous recevrez par courrier ou par courrier \u00e9lectronique votre code de r\u00e9servation pour la bo\u00eete \u00e0 cl\u00e9s. Pour<strong> l&rsquo;enregistrement<\/strong>, utilisez ce code de r\u00e9servation pour ouvrir la bo\u00eete \u00e0 cl\u00e9s et obtenir votre cl\u00e9 de la maison.<\/p>\n<p>&nbsp;<\/p>\n<p>L&rsquo;heure d&rsquo;arriv\u00e9e commence tous les jours \u00e0 partir de 16 heures. Vous pouvez ouvrir la bo\u00eete \u00e0 cl\u00e9 24 heures sur 24 jusqu&rsquo;\u00e0 votre d\u00e9part.<\/p>\n<p>&nbsp;<\/p>\n<p>Le <strong>check-out<\/strong> est au plus tard 11 heures. S&rsquo;il vous pla\u00eet ins\u00e9rez la cl\u00e9 dans la bo\u00eete \u00e0 la bo\u00eete \u00e0 cl\u00e9s!<\/p>\n<p>&nbsp;<\/p>\n<p><img loading=\"lazy\" class=\"alignnone size-large wp-image-21866\" src=\"https:\/\/www.glamping-resorts.de\/wp-content\/uploads\/2018\/11\/key-box-plan-fr-1024x266.jpg\" alt=\"Am Eingang zum Glamping Resort steht eine Key-Box zur Schl\u00fcssel\u00fcbergabe\" width=\"1024\" height=\"262\" \/><\/p>\n<p>&nbsp;<\/p>\n<p><strong>Mot de passe W-LAN: iloveglamping<\/strong><\/p>\n<p>De plus, la r\u00e9ception est ouverte du mardi au samedi de 16h \u00e0 18h. Nous sommes personnellement disponibles pour vos questions et demandes. Nous vous souhaitons un voyage d\u00e9tendu dans la biosph\u00e8re de Bliesgau.[\/vc_column_text][vc_separator type=\u00a0\u00bbtransparent\u00a0\u00bb border_style=\u00a0\u00bb\u00a0\u00bb up=\u00a0\u00bb30&Prime; down=\u00a0\u00bb30&Prime;][vc_column_text]<strong>Votre \u00ab domicile en plein c\u0153ur de la nature \u00bb est \u00e9quip\u00e9 des installations suivantes : <\/strong><\/p>\n<p>&nbsp;<\/p>\n<ul>\n<li><strong>porte de s\u00e9curit\u00e9<\/strong> (voir la description car la porte se ferme de mani\u00e8re particuli\u00e8re<strong> \u2013 <a href=\"https:\/\/www.glamping-resorts.de\/wp-content\/uploads\/2017\/12\/tuer-bedienung.pdf\" target=\"_blank\" rel=\"noopener\">PDF<\/a><\/strong>)<\/li>\n<li><strong>climatiseur<\/strong> (se coupe au bout de 2 minutes lorsque la porte et\/ou la fen\u00eatre sont ouvertes et se remet en marche au bout de 2 minutes apr\u00e8s la fermeture de la porte et\/ou de la fen\u00eatre)<\/li>\n<li><strong>s\u00e8che-serviettes<\/strong> (compter environ 15 minutes apr\u00e8s la mise en marche jusqu&rsquo;\u00e0 ce qu&rsquo;il soit vraiment chaud)<\/li>\n<li><strong>chauffage au sol<\/strong> (ne d\u00e9gage que de la chaleur indirecte)<\/li>\n<li><strong>variateurs d&rsquo;intensit\u00e9 pour l&rsquo;\u00e9clairage ambiant<\/strong>, veuillez appuyer sur l&rsquo;interrupteur pendant 4 secondes. R\u00e9appuyez ensuite une fois pour \u00e9teindre.<\/li>\n<li><strong>Le ventilateur<\/strong> de la salle de bain s&rsquo;enclenche avec la lumi\u00e8re et continue de fonctionner pendant 2 minutes une fois la lumi\u00e8re \u00e9teinte, puis s&rsquo;arr\u00eate.<\/li>\n<li>Un <strong>aper\u00e7u des commutateurs<\/strong> sous forme de fichier <strong><a href=\"https:\/\/www.glamping-resorts.de\/wp-content\/uploads\/2017\/12\/bedienungsanleitung-licht-klima-heizung.pdf\" target=\"_blank\" rel=\"noopener\">PDF<\/a>.<\/strong><\/li>\n<li><strong>SAT \u2013 TV<\/strong> et syst\u00e8me son<\/li>\n<\/ul>\n<p>&nbsp;<\/p>\n<p><strong>Dans votre maison, vous trouverez un manuel d&rsquo;instructions d\u00e9taill\u00e9 pour tous les appareils.<\/strong>[\/vc_column_text][\/vc_column][\/vc_row][vc_row row_type=\u00a0\u00bbrow\u00a0\u00bb use_row_as_full_screen_section=\u00a0\u00bbno\u00a0\u00bb type=\u00a0\u00bbfull_width\u00a0\u00bb text_align=\u00a0\u00bbleft\u00a0\u00bb background_animation=\u00a0\u00bbnone\u00a0\u00bb padding_top=\u00a0\u00bb10&Prime; padding_bottom=\u00a0\u00bb120&Prime; css_animation=\u00a0\u00bb\u00a0\u00bb][vc_column][vc_column_text]<\/p>\n<h2>FAQ \u2013 questions &amp; r\u00e9ponses\u00a0:<\/h2>\n<p>&nbsp;<\/p>\n<p><strong>Pourquoi devrais-je s\u00e9journer au Glamping Resort\u00a0?<\/strong><br \/>\nNotre Resort se situe dans la r\u00e9gion la plus attrayante d&rsquo;Europe. La r\u00e9gion des Trois-Fronti\u00e8res a toujours \u00e9t\u00e9 au centre des convoitises des puissances mondiales les plus diverses, ce qui a donn\u00e9 naissance \u00e0 une culture et un art de vivre particuliers. Sur le plan du paysage, nous sommes \u00e9quip\u00e9s des meilleurs chemins de randonn\u00e9e et pistes cyclables de toute l&rsquo;Allemagne\u00a0; notre gastronomie est profond\u00e9ment influenc\u00e9e par la pr\u00e9sence toute proche de la France et du Luxembourg. Cela s&rsquo;exprime principalement dans la forte concentration de restaurants, \u00e9toil\u00e9s notamment.<\/p>\n<p>&nbsp;<\/p>\n<p><strong>Comment puis-je prendre un petit-d\u00e9jeuner chez vous\u00a0?<\/strong><\/p>\n<p>Une machine \u00e0 caf\u00e9, une bouilloire \u00e9lectrique, un grille-pain et un r\u00e9frig\u00e9rateur sont disponibles. Vous pouvez choisir entre diff\u00e9rentes options pour le petit-d\u00e9jeuner\u00a0:<\/p>\n<ul>\n<li>Vous \u00eates autonome et vous apportez vous-m\u00eame tout ce dont vous avez besoin. De la vaisselle et des couverts sont mis \u00e0 disposition.<\/li>\n<li>Si quelque chose manque, vous pouvez vous le procurer dans notre Regiomat (env. 30 produits r\u00e9gionaux). Il y a deux centres commerciaux situ\u00e9s \u00e0 2 et 3\u00a0km de distance.<\/li>\n<li>Notre auberge Bliesgau propose un<strong> petit-d\u00e9jeuner de type continental<\/strong>.<\/li>\n<li>Si vous souhaitez prendre votre petit-d\u00e9jeuner dans votre logement, vous pouvez aller le chercher apr\u00e8s l&rsquo;avoir command\u00e9 au pr\u00e9alable \u00e0 l&rsquo;auberge Bliesgau ou<br \/>\nvous le faire livrer contre un suppl\u00e9ment.<\/li>\n<\/ul>\n<p>&nbsp;<\/p>\n<p><strong>Puis-je amener mon chien\u00a0?<\/strong><br \/>\nVotre chien est le bienvenu chez nous, le prix de la nuit est de 10\u00a0\u20ac sans nourriture, nous vous conseillerons volontiers sur des promenades agr\u00e9ables \u00e0 r\u00e9aliser.<\/p>\n<p>&nbsp;<\/p>\n<p><strong>Puis-je utiliser le r\u00e9seau Wi-Fi dans la chambre d&rsquo;h\u00f4tel \u00ab\u00a0NATURE\u00a0\u00bb\u00a0?<\/strong><br \/>\nNotre Resort dispose du meilleur r\u00e9seau qui soit, avec une bande passante \u00e9lev\u00e9e, et ce service est gratuit pour vous.<\/p>\n<p>&nbsp;<\/p>\n<p><strong>Comment puis-je obtenir le meilleur prix\u00a0?<\/strong><br \/>\nSi vous utilisez notre outil de r\u00e9servation sur notre site, vous obtenez toujours le meilleur prix pour votre s\u00e9jour dans notre Resort.<\/p>\n<p>&nbsp;<\/p>\n<p><strong>Puis-je faire du sport et de la remise en forme dans le Resort\u00a0?<\/strong><br \/>\nNous entretenons une coop\u00e9ration avec le centre de fitness Motivitas qui se situe directement dans le complexe du Saarland Thermen Resort (\u00e0 300\u00a0m de distance). Vous pouvez vous y entrainer et faire du sauna gratuitement. Ceux et celles qui souhaitent faire du patin \u00e0 glace peuvent s&rsquo;adonner \u00e0 ce sport toute l&rsquo;ann\u00e9e dans le parc de loisirs voisin \u00ab\u00a0Erlebnispark Bliesgau\u00a0\u00bb (200\u00a0m de distance).<\/p>\n<p>&nbsp;<\/p>\n<p><strong>Puis-je prendre possession de la chambre plus t\u00f4t ou la quitter plus tard\u00a0?<\/strong><br \/>\nNous vous offrons volontiers la possibilit\u00e9 de prolonger votre s\u00e9jour dans votre chambre en fonction des disponibilit\u00e9s. Nous vous saurions gr\u00e9 de bien vouloir approcher au pr\u00e9alable le personnel de la r\u00e9ception \u00e0 ce sujet.<\/p>\n<p>&nbsp;<\/p>\n<p><strong>Quelles sont les heures d&rsquo;arriv\u00e9e et de d\u00e9part au Glamping Resort\u00a0?<\/strong><br \/>\nVous pouvez en tous cas prendre possession de votre chambre \u00e0 partir de 16h00. Nous vous saurions gr\u00e9 bien vouloir quitter la chambre \u00e0 11h00 au plus tard le jour de votre d\u00e9part.<\/p>\n<p>&nbsp;<\/p>\n<p><strong>Les chambres sont-elles climatis\u00e9es\u00a0?<\/strong><br \/>\nNos maisonnettes Glamping sont \u00e9quip\u00e9es d&rsquo;un climatiseur r\u00e9glable. Le plus grand bien-\u00eatre est ainsi garanti en \u00e9t\u00e9 comme en hiver.<\/p>\n<p>&nbsp;<\/p>\n<p><strong>Est-il permis d&rsquo;installer un barbecue\u00a0?<\/strong><br \/>\nPour des raisons de s\u00e9curit\u00e9 et compte tenu des dispositions l\u00e9gales en mati\u00e8re de protection incendie, les barbecues de tous types sont interdits sans exception \u00e0 l&rsquo;int\u00e9rieur et \u00e0 l&rsquo;ext\u00e9rieur des logements.<\/p>\n<p>&nbsp;<\/p>\n<p><strong>J&rsquo;ai fait une r\u00e9servation et n&rsquo;ai pas re\u00e7u de confirmation par e-mail.<\/strong><br \/>\nIl arrive parfois que nos e-mails arrivent dans votre dossier de courriers ind\u00e9sirables (spam). Veuillez d&rsquo;abord v\u00e9rifier le dossier spam de votre bo\u00eete de r\u00e9ception avant de nous contacter.<br \/>\nSi vous n&rsquo;avez re\u00e7u aucun e-mail, veuillez nous envoyer un message en indiquant votre num\u00e9ro de r\u00e9servation. Si vous nous appelez, veuillez tenir pr\u00eat votre num\u00e9ro de r\u00e9servation. Nous vous enverrons alors une nouvelle confirmation par e-mail.<\/p>\n<p>&nbsp;<\/p>\n<p><strong>Y a-t-il des serviettes et des draps dans les logements\u00a0?<\/strong><br \/>\nIl y a des draps, des couettes et des serviettes douillettes.<\/p>\n<p>&nbsp;<\/p>\n<p><strong>Y a-t-il de la vaisselle, des casseroles, des po\u00eales et autres ustensiles de cuisine\u00a0?<\/strong><br \/>\nDans la cuisine, nous avons mis \u00e0 disposition de la vaisselle et des couverts V&amp;B de qualit\u00e9 sup\u00e9rieure pour vous permettre de prendre un petit-d\u00e9jeuner copieux ou un go\u00fbter l&rsquo;apr\u00e8s-midi. Une plaque de cuisson et un four \u00e0 micro-ondes ne sont pas pr\u00e9vus \u00e9tant donn\u00e9 que nous ne souhaitons pas qu&rsquo;on fasse la cuisine dans le logement. L&rsquo;auberge Bliesgau est en mesure de proposer des repas chauds. Nous vous y souhaitons un agr\u00e9able s\u00e9jour.<\/p>\n<p>&nbsp;<\/p>\n<p><strong>Achats<\/strong><br \/>\nUn boulanger est pr\u00e9sent \u00e0 l&rsquo;aire d&rsquo;\u00e9tape pour camping-cars les jours ouvr\u00e9s entre 8h00 et 9h00. Le dimanche, vous pouvez commander \u00e0 l&rsquo;avance des petits pains (passer commande le samedi jusqu&rsquo;\u00e0 18h00 au plus tard \u00e0 la r\u00e9ception du WOMO-Park\u00a0!)<\/p>\n<p>&nbsp;<\/p>\n<p>Regiomat<\/p>\n<ul>\n<li>Seuls les r\u00e8glements en esp\u00e8ces sont accept\u00e9s dans notre Regiomat.<\/li>\n<\/ul>\n<p>&nbsp;<\/p>\n<p>2\u00a0km en direction de Sarreguemines<\/p>\n<ul>\n<li>Boulangerie Mischo<\/li>\n<li>Supermarch\u00e9 Edeka<\/li>\n<li>Droguerie DM Markt<\/li>\n<li>KIK<\/li>\n<li>Netto<\/li>\n<li>Distributeur de billets Volksbanken<\/li>\n<\/ul>\n<p>&nbsp;<\/p>\n<p>3\u00a0km en direction de Kleinblittersdorf<\/p>\n<ul>\n<li>Supermarch\u00e9 REWE<\/li>\n<li>Droguerie Rossmann<\/li>\n<li>Deichmann<\/li>\n<li>Aldi S\u00fcd<\/li>\n<li>Lidl<\/li>\n<li>Fleuriste Blumen und Ambiente<\/li>\n<li>Distributeur de billets Sparkasse<\/li>\n<\/ul>\n<p>&nbsp;<\/p>\n<p>5\u00a0km en direction de Gro\u00dfblittersdorf (France)<\/p>\n<ul>\n<li>Magasin d&rsquo;alimentation Record \u2013 Lebensmittel<\/li>\n<li>Lidl<\/li>\n<li>C&amp;A<\/li>\n<\/ul>\n<p>&nbsp;<\/p>\n<p>16\u00a0km Sarrebruck<\/p>\n<ul>\n<li>Europagalerie<\/li>\n<li>Bahnhofstra\u00dfe (rue de la gare)<\/li>\n<li>St. Johanner Markt (place du march\u00e9 St. Johann)<\/li>\n<li>Quartier de la Mainzer Stra\u00dfe<\/li>\n<\/ul>\n<p>[\/vc_column_text][\/vc_column][\/vc_row]<\/p>\n","protected":false},"excerpt":{"rendered":"<p>[vc_row row_type=\u00a0\u00bbrow\u00a0\u00bb use_row_as_full_screen_section=\u00a0\u00bbno\u00a0\u00bb type=\u00a0\u00bbfull_width\u00a0\u00bb anchor=\u00a0\u00bbraum-infos-bliesgau\u00a0\u00bb text_align=\u00a0\u00bbleft\u00a0\u00bb background_animation=\u00a0\u00bbnone\u00a0\u00bb padding_top=\u00a0\u00bb35&Prime; padding_bottom=\u00a0\u00bb120&Prime; css_animation=\u00a0\u00bb\u00a0\u00bb][vc_column][vc_column_text] Tout ce qu&rsquo;il faut savoir avant votre arriv\u00e9e\u00a0: &nbsp; Aper\u00e7u pour une meilleure orientation\u00a0: Consulter le plan de site et le plan du Resort Des informations d\u00e9taill\u00e9es et des vid\u00e9os explicatives sont disponibles sur Youtube&#8230;<\/p>\n","protected":false},"author":1,"featured_media":0,"parent":0,"menu_order":0,"comment_status":"closed","ping_status":"closed","template":"","meta":{"ngg_post_thumbnail":0},"_links":{"self":[{"href":"https:\/\/www.glamping-resorts.de\/fr\/wp-json\/wp\/v2\/pages\/22678\/"}],"collection":[{"href":"https:\/\/www.glamping-resorts.de\/fr\/wp-json\/wp\/v2\/pages\/"}],"about":[{"href":"https:\/\/www.glamping-resorts.de\/fr\/wp-json\/wp\/v2\/types\/page\/"}],"author":[{"embeddable":true,"href":"https:\/\/www.glamping-resorts.de\/fr\/wp-json\/wp\/v2\/users\/1\/"}],"replies":[{"embeddable":true,"href":"https:\/\/www.glamping-resorts.de\/fr\/wp-json\/wp\/v2\/comments\/?post=22678"}],"version-history":[{"count":4,"href":"https:\/\/www.glamping-resorts.de\/fr\/wp-json\/wp\/v2\/pages\/22678\/revisions\/"}],"predecessor-version":[{"id":22812,"href":"https:\/\/www.glamping-resorts.de\/fr\/wp-json\/wp\/v2\/pages\/22678\/revisions\/22812\/"}],"wp:attachment":[{"href":"https:\/\/www.glamping-resorts.de\/fr\/wp-json\/wp\/v2\/media\/?parent=22678"}],"curies":[{"name":"wp","href":"https:\/\/api.w.org\/{rel}","templated":true}]}}