{"id":22691,"date":"2017-09-11T10:17:55","date_gmt":"2017-09-11T08:17:55","guid":{"rendered":"https:\/\/www.glamping-resorts.de\/kontakt\/"},"modified":"2018-11-30T18:22:55","modified_gmt":"2018-11-30T17:22:55","slug":"contact","status":"publish","type":"page","link":"https:\/\/www.glamping-resorts.de\/fr\/contact\/","title":{"rendered":"Contact"},"content":{"rendered":"<p>[vc_row row_type=\u00a0\u00bbrow\u00a0\u00bb use_row_as_full_screen_section=\u00a0\u00bbno\u00a0\u00bb type=\u00a0\u00bbfull_width\u00a0\u00bb text_align=\u00a0\u00bbleft\u00a0\u00bb background_color=\u00a0\u00bb#ffffff\u00a0\u00bb background_animation=\u00a0\u00bbnone\u00a0\u00bb css_animation=\u00a0\u00bb\u00a0\u00bb][vc_column][vc_row_inner row_type=\u00a0\u00bbrow\u00a0\u00bb type=\u00a0\u00bbgrid\u00a0\u00bb use_row_as_full_screen_section_slide=\u00a0\u00bbno\u00a0\u00bb text_align=\u00a0\u00bbleft\u00a0\u00bb padding_top=\u00a0\u00bb80&Prime; css_animation=\u00a0\u00bb\u00a0\u00bb][vc_column_inner][vc_column_text]<\/p>\n<h2>Nous nous ferons un plaisir de vous renseigner<\/h2>\n<p>[\/vc_column_text][vc_separator type=\u00a0\u00bbtransparent\u00a0\u00bb border_style=\u00a0\u00bb\u00a0\u00bb up=\u00a0\u00bb15&Prime; down=\u00a0\u00bb15&Prime;][vc_column_text]<strong>Glamping Resorts \u2013 Biosph\u00e8re du Bliesgau<\/strong><\/p>\n<p>&nbsp;<\/p>\n<p>Glamping GmbH<\/p>\n<p>Zum Bergwald 6<\/p>\n<p>66271 Kleinblittersdorf<\/p>\n<p>&nbsp;<\/p>\n<p><strong>T\u00e9l\u00e9phone\u00a0: +49 (0)681 9327 1800<\/strong><\/p>\n<p>&nbsp;<\/p>\n<p><strong>e-mail\u00a0: <\/strong><strong><u><a href=\"mailto:info@glamping-resorts.de\">info@glamping-resorts.de<\/a><\/u><\/strong>[\/vc_column_text][vc_separator type=\u00a0\u00bbnormal\u00a0\u00bb border_style=\u00a0\u00bbdashed\u00a0\u00bb up=\u00a0\u00bb80&Prime;][\/vc_column_inner][\/vc_row_inner][vc_row_inner row_type=\u00a0\u00bbrow\u00a0\u00bb type=\u00a0\u00bbgrid\u00a0\u00bb use_row_as_full_screen_section_slide=\u00a0\u00bbno\u00a0\u00bb anchor=\u00a0\u00bbanreise-bliesgau\u00a0\u00bb text_align=\u00a0\u00bbleft\u00a0\u00bb padding_top=\u00a0\u00bb80&Prime; padding_bottom=\u00a0\u00bb120&Prime; css_animation=\u00a0\u00bb\u00a0\u00bb][vc_column_inner][vc_column_text]<\/p>\n<h2>Itin\u00e9raire<\/h2>\n<p>[\/vc_column_text][vc_separator type=\u00a0\u00bbtransparent\u00a0\u00bb border_style=\u00a0\u00bb\u00a0\u00bb up=\u00a0\u00bb15&Prime; down=\u00a0\u00bb15&Prime;][vc_column_text]<strong>Le Glamping Resort de la Biosph\u00e8re du Bliesgau se trouve tout de suite apr\u00e8s les thermes \u00ab\u00a0Saarland Therme\u00a0\u00bb \u00e0 Rilchingen-Hanweiler<\/strong><\/p>\n<p>Adresse\u00a0: Zum Bergwald 6, 66271 Kleinblittersdorf<\/p>\n<p>&nbsp;<\/p>\n<p><strong>En venant de Sarrebruck\u00a0:<\/strong><\/p>\n<p>Autoroute A620, sortie Brebach-Fechingen en direction de Kleinblittersdorf\/Sarreguemines, suivre les panneaux Saarland-Therme.<\/p>\n<p>&nbsp;<\/p>\n<p><strong>En venant de France\u00a0:<\/strong><\/p>\n<p>Autoroute A4, sortie Sarreguemines en direction de Sarreguemines, au 3e rond-point, suivre la N61 en direction de Grosbliederstroff. Prendre la sortie Saarbr\u00fccken\/Kleinblittersdorf et prendre la 1re sortie au rond-point suivant, suivre les panneaux Kleinblittersdorf. Vous traversez la Sarre et arrivez \u00e0 un rond-point o\u00f9 vous prendrez la premi\u00e8re sortie en direction des Saarland-Therme. Suivre les panneaux Saarland-Therme.<\/p>\n<p>&nbsp;<\/p>\n<p><strong>Pr\u00e9parer son voyage en train\u00a0:<\/strong><\/p>\n<p>Pr\u00e9parez votre voyage en train et avec les transports publics en toute tranquillit\u00e9 via le lien\/bouton suivant (vous serez directement redirig\u00e9 vers la planification des itin\u00e9raires de la soci\u00e9t\u00e9 de chemins de fer \u00ab\u00a0Deutsche Bahn\u00a0\u00bb).[\/vc_column_text][vc_separator type=\u00a0\u00bbtransparent\u00a0\u00bb border_style=\u00a0\u00bb\u00a0\u00bb up=\u00a0\u00bb10&Prime; down=\u00a0\u00bb10&Prime;][vc_raw_html]JTNDJTIxLS0lMjBEZXIlMjBiYWhuLmRlLVJvdXRlbnBsYW5lciUyMGYlQzMlQkNyJTIwSWhyZW4lMjBXZWJhdWZ0cml0dCUyMC0tJTNFJTBBJTIwJTIwJTIwJTIwJTNDc2NyaXB0JTIwc3JjJTNEJTIyaHR0cHMlM0ElMkYlMkZhbnJlaXNlc2VydmljZS5zcGVjaWFscy1iYWhuLmRlJTJGZW1iZWQlMkYxNjc2NmNlNC0xMTQ1Ni5qcyUyMiUyMHR5cGUlM0QlMjJ0ZXh0JTJGamF2YXNjcmlwdCUyMiUzRSUzQyUyRnNjcmlwdCUzRSUwQSUzQyUyMS0tJTIwRU5ERSUyMC0tJTNF[\/vc_raw_html][\/vc_column_inner][\/vc_row_inner][\/vc_column][\/vc_row][vc_row row_type=\u00a0\u00bbrow\u00a0\u00bb use_row_as_full_screen_section=\u00a0\u00bbno\u00a0\u00bb type=\u00a0\u00bbfull_width\u00a0\u00bb text_align=\u00a0\u00bbleft\u00a0\u00bb background_animation=\u00a0\u00bbnone\u00a0\u00bb css_animation=\u00a0\u00bb\u00a0\u00bb][vc_column][vc_row_inner row_type=\u00a0\u00bbrow\u00a0\u00bb type=\u00a0\u00bbfull_width\u00a0\u00bb use_row_as_full_screen_section_slide=\u00a0\u00bbno\u00a0\u00bb text_align=\u00a0\u00bbleft\u00a0\u00bb css_animation=\u00a0\u00bb\u00a0\u00bb][vc_column_inner]<div class=\"qode-google-map-holder\">\n\t<div class=\"qode-google-map\" id=\"qode-map-2263810\" data-addresses='[\"Glamping Resorts Biosph\u00e4re Bliesgau, 66271 Kleinblittersdorf, Germany\"]' data-custom-map-style=no data-color-overlay=#393939 data-saturation=-100 data-lightness=-60 data-zoom=15 data-pin=https:\/\/www.glamping-resorts.de\/wp-content\/uploads\/2017\/09\/marker-1.png data-unique-id=2263810 data-scroll-wheel=no data-height=600 ><\/div>\n\t\t\t<div class=\"qode-google-map-overlay\"><\/div>\n\t<\/div>[\/vc_column_inner][\/vc_row_inner][\/vc_column][\/vc_row]<\/p>\n","protected":false},"excerpt":{"rendered":"<p>[vc_row row_type=\u00a0\u00bbrow\u00a0\u00bb use_row_as_full_screen_section=\u00a0\u00bbno\u00a0\u00bb type=\u00a0\u00bbfull_width\u00a0\u00bb text_align=\u00a0\u00bbleft\u00a0\u00bb background_color=\u00a0\u00bb#ffffff\u00a0\u00bb background_animation=\u00a0\u00bbnone\u00a0\u00bb css_animation=\u00a0\u00bb\u00a0\u00bb][vc_column][vc_row_inner row_type=\u00a0\u00bbrow\u00a0\u00bb type=\u00a0\u00bbgrid\u00a0\u00bb use_row_as_full_screen_section_slide=\u00a0\u00bbno\u00a0\u00bb text_align=\u00a0\u00bbleft\u00a0\u00bb padding_top=\u00a0\u00bb80&Prime; css_animation=\u00a0\u00bb\u00a0\u00bb][vc_column_inner][vc_column_text] Nous nous ferons un plaisir de vous renseigner [\/vc_column_text][vc_separator type=\u00a0\u00bbtransparent\u00a0\u00bb border_style=\u00a0\u00bb\u00a0\u00bb up=\u00a0\u00bb15&Prime; down=\u00a0\u00bb15&Prime;][vc_column_text]Glamping Resorts \u2013 Biosph\u00e8re du Bliesgau &nbsp; Glamping GmbH Zum Bergwald 6 66271 Kleinblittersdorf &nbsp; T\u00e9l\u00e9phone\u00a0: +49 (0)681 9327&#8230;<\/p>\n","protected":false},"author":1,"featured_media":0,"parent":0,"menu_order":0,"comment_status":"closed","ping_status":"closed","template":"full_width.php","meta":{"ngg_post_thumbnail":0},"_links":{"self":[{"href":"https:\/\/www.glamping-resorts.de\/fr\/wp-json\/wp\/v2\/pages\/22691\/"}],"collection":[{"href":"https:\/\/www.glamping-resorts.de\/fr\/wp-json\/wp\/v2\/pages\/"}],"about":[{"href":"https:\/\/www.glamping-resorts.de\/fr\/wp-json\/wp\/v2\/types\/page\/"}],"author":[{"embeddable":true,"href":"https:\/\/www.glamping-resorts.de\/fr\/wp-json\/wp\/v2\/users\/1\/"}],"replies":[{"embeddable":true,"href":"https:\/\/www.glamping-resorts.de\/fr\/wp-json\/wp\/v2\/comments\/?post=22691"}],"version-history":[{"count":3,"href":"https:\/\/www.glamping-resorts.de\/fr\/wp-json\/wp\/v2\/pages\/22691\/revisions\/"}],"predecessor-version":[{"id":22694,"href":"https:\/\/www.glamping-resorts.de\/fr\/wp-json\/wp\/v2\/pages\/22691\/revisions\/22694\/"}],"wp:attachment":[{"href":"https:\/\/www.glamping-resorts.de\/fr\/wp-json\/wp\/v2\/media\/?parent=22691"}],"curies":[{"name":"wp","href":"https:\/\/api.w.org\/{rel}","templated":true}]}}